{"id":724,"date":"2017-09-19T06:55:12","date_gmt":"2017-09-19T06:55:12","guid":{"rendered":"http:\/\/kikiliolizdas.lt\/Restoranas\/?page_id=724"},"modified":"2026-01-16T15:20:02","modified_gmt":"2026-01-16T15:20:02","slug":"meniu","status":"publish","type":"page","link":"https:\/\/kikiliolizdas.lt\/Restoranas\/meniu\/","title":{"rendered":"Meniu"},"content":{"rendered":"<p>[vc_row css_animation=&#8221;&#8221; row_type=&#8221;row&#8221; use_row_as_full_screen_section=&#8221;no&#8221; type=&#8221;full_width&#8221; angled_section=&#8221;no&#8221; text_align=&#8221;left&#8221; background_image_as_pattern=&#8221;without_pattern&#8221;][vc_column][vc_empty_space height=&#8221;70px&#8221;][vc_row_inner row_type=&#8221;row&#8221; type=&#8221;grid&#8221; text_align=&#8221;left&#8221; css_animation=&#8221;&#8221;][vc_column_inner width=&#8221;1\/2&#8243; css=&#8221;.vc_custom_1505976197748{padding-right: 25px !important;padding-left: 25px !important;}&#8221;][vc_column_text]<\/p>\n<h1 class=\"p1\" style=\"text-align: left;\"><a href=\"http:\/\/kikiliolizdas.lt\/Restoranas\/wp-content\/uploads\/2026\/01\/Kikilio-lizdas-meniu-BIG.pdf\" target=\"_blank\" rel=\"noopener noreferrer\">Pagrindinis meniu<\/a><\/h1>\n<p>&nbsp;<\/p>\n<p>Per\u017ei\u016br\u0117ti meniu <a href=\"http:\/\/kikiliolizdas.lt\/Restoranas\/wp-content\/uploads\/2026\/01\/Kikilio-lizdas-meniu-BIG.pdf\" target=\"_blank\" rel=\"noopener noreferrer\">pdf formatu &gt;&gt;<\/a>[\/vc_column_text][vc_empty_space height=&#8221;30px&#8221;][vc_gallery type=&#8221;nivo&#8221; interval=&#8221;5&#8243; images=&#8221;2148,2149,2150,2151,2152,2153,2154,2155,2156&#8243; img_size=&#8221;full&#8221; css_animation=&#8221;none&#8221;][vc_empty_space height=&#8221;30px&#8221;][vc_column_text][\/vc_column_text][\/vc_column_inner][vc_column_inner width=&#8221;1\/2&#8243; css=&#8221;.vc_custom_1505976204329{padding-right: 25px !important;padding-left: 25px !important;}&#8221;][vc_column_text]<\/p>\n<h1 class=\"p1\" style=\"text-align: left;\"><a href=\"http:\/\/kikiliolizdas.lt\/Restoranas\/wp-content\/uploads\/2026\/01\/Kikilio-lizdas-sventinis-meniu-BIG.pdf\" target=\"_blank\" rel=\"noopener noreferrer\">Meniu \u0161vent\u0117ms<\/a><\/h1>\n<p>&nbsp;<\/p>\n<p>Per\u017ei\u016br\u0117ti meniu <a href=\"http:\/\/kikiliolizdas.lt\/Restoranas\/wp-content\/uploads\/2026\/01\/Kikilio-lizdas-sventinis-meniu-BIG.pdf\" target=\"_blank\" rel=\"noopener noreferrer\">pdf formatu\u00a0\u00bb<\/a>[\/vc_column_text][vc_empty_space height=&#8221;30px&#8221;][vc_gallery type=&#8221;nivo&#8221; interval=&#8221;5&#8243; images=&#8221;2168,2169,2170,2171,2172,2173,2174,2175,2176,2178,2177,2179&#8243; img_size=&#8221;full&#8221;][vc_empty_space height=&#8221;30px&#8221;][vc_column_text][\/vc_column_text][\/vc_column_inner][\/vc_row_inner][\/vc_column][\/vc_row][vc_row css_animation=&#8221;&#8221; row_type=&#8221;row&#8221; use_row_as_full_screen_section=&#8221;no&#8221; type=&#8221;full_width&#8221; angled_section=&#8221;no&#8221; text_align=&#8221;left&#8221; background_image_as_pattern=&#8221;without_pattern&#8221;][vc_column][vc_empty_space height=&#8221;70px&#8221;][\/vc_column][\/vc_row]<\/p>\n","protected":false},"excerpt":{"rendered":"<p>[vc_row css_animation=&#8221;&#8221; row_type=&#8221;row&#8221; use_row_as_full_screen_section=&#8221;no&#8221; type=&#8221;full_width&#8221; angled_section=&#8221;no&#8221; text_align=&#8221;left&#8221; background_image_as_pattern=&#8221;without_pattern&#8221;][vc_column][vc_empty_space height=&#8221;70px&#8221;][vc_row_inner row_type=&#8221;row&#8221; type=&#8221;grid&#8221; text_align=&#8221;left&#8221; css_animation=&#8221;&#8221;][vc_column_inner width=&#8221;1\/2&#8243; css=&#8221;.vc_custom_1505976197748{padding-right: 25px !important;padding-left: 25px !important;}&#8221;][vc_column_text] Pagrindinis meniu &nbsp; Per\u017ei\u016br\u0117ti meniu pdf formatu &gt;&gt;[\/vc_column_text][vc_empty_space height=&#8221;30px&#8221;][vc_gallery type=&#8221;nivo&#8221; interval=&#8221;5&#8243; images=&#8221;2148,2149,2150,2151,2152,2153,2154,2155,2156&#8243; img_size=&#8221;full&#8221; css_animation=&#8221;none&#8221;][vc_empty_space height=&#8221;30px&#8221;][vc_column_text][\/vc_column_text][\/vc_column_inner][vc_column_inner width=&#8221;1\/2&#8243; css=&#8221;.vc_custom_1505976204329{padding-right: 25px !important;padding-left: 25px !important;}&#8221;][vc_column_text] Meniu \u0161vent\u0117ms &nbsp; Per\u017ei\u016br\u0117ti meniu&#8230;<\/p>\n","protected":false},"author":1,"featured_media":0,"parent":0,"menu_order":0,"comment_status":"closed","ping_status":"closed","template":"full_width.php","meta":[],"_links":{"self":[{"href":"https:\/\/kikiliolizdas.lt\/Restoranas\/wp-json\/wp\/v2\/pages\/724"}],"collection":[{"href":"https:\/\/kikiliolizdas.lt\/Restoranas\/wp-json\/wp\/v2\/pages"}],"about":[{"href":"https:\/\/kikiliolizdas.lt\/Restoranas\/wp-json\/wp\/v2\/types\/page"}],"author":[{"embeddable":true,"href":"https:\/\/kikiliolizdas.lt\/Restoranas\/wp-json\/wp\/v2\/users\/1"}],"replies":[{"embeddable":true,"href":"https:\/\/kikiliolizdas.lt\/Restoranas\/wp-json\/wp\/v2\/comments?post=724"}],"version-history":[{"count":120,"href":"https:\/\/kikiliolizdas.lt\/Restoranas\/wp-json\/wp\/v2\/pages\/724\/revisions"}],"predecessor-version":[{"id":2192,"href":"https:\/\/kikiliolizdas.lt\/Restoranas\/wp-json\/wp\/v2\/pages\/724\/revisions\/2192"}],"wp:attachment":[{"href":"https:\/\/kikiliolizdas.lt\/Restoranas\/wp-json\/wp\/v2\/media?parent=724"}],"curies":[{"name":"wp","href":"https:\/\/api.w.org\/{rel}","templated":true}]}}