{"id":548,"date":"2017-08-18T10:40:10","date_gmt":"2017-08-18T10:40:10","guid":{"rendered":"http:\/\/kikiliolizdas.lt\/Restoranas\/?page_id=548"},"modified":"2021-02-17T13:01:30","modified_gmt":"2021-02-17T13:01:30","slug":"galerija","status":"publish","type":"page","link":"https:\/\/kikiliolizdas.lt\/Restoranas\/galerija\/","title":{"rendered":"Galerija"},"content":{"rendered":"<p>[vc_row css_animation=&#8221;&#8221; row_type=&#8221;row&#8221; use_row_as_full_screen_section=&#8221;no&#8221; type=&#8221;grid&#8221; angled_section=&#8221;no&#8221; text_align=&#8221;left&#8221; background_image_as_pattern=&#8221;without_pattern&#8221;][vc_column][vc_empty_space height=&#8221;70px&#8221;]<div class=\"qode-accordion-holder clearfix qode-toggle qode-initial \">\n\t<h4 class=\"clearfix qode-title-holder\">\n<span class=\"qode-tab-title\">\n\t    <span class=\"qode-tab-title-inner\">\n        \u017daidim\u0173 erdv\u0117 \u201eKikilio lizde\u201c     <\/span>\n<\/span>\n<span class=\"qode-accordion-mark\">\n    <span class=\"qode-accordion-mark-icon\">\n        <span class=\"icon_plus\"><\/span>\n        <span class=\"icon_minus-06\"><\/span>\n    <\/span>\n<\/span>\n<\/h4>\n<div class=\"qode-accordion-content \" >\n    <div class=\"qode-accordion-content-inner\">\n        [vc_gallery type=&#8221;image_grid&#8221; images=&#8221;1016,1436,1017,1018,1037,1035,1034,1038,1019,1020,1021,1023,1022,1036,1418,1419,1420,1421,1435&#8243; img_size=&#8221;500&#215;500&#8243; onclick=&#8221;&#8221; column_number=&#8221;2&#8243; grayscale=&#8221;no&#8221; images_space=&#8221;gallery_without_space&#8221;]    <\/div>\n<\/div><h4 class=\"clearfix qode-title-holder\">\n<span class=\"qode-tab-title\">\n\t    <span class=\"qode-tab-title-inner\">\n        Priva\u010dios \u0161vent\u0117s \u201eKikilio lizde\u201c     <\/span>\n<\/span>\n<span class=\"qode-accordion-mark\">\n    <span class=\"qode-accordion-mark-icon\">\n        <span class=\"icon_plus\"><\/span>\n        <span class=\"icon_minus-06\"><\/span>\n    <\/span>\n<\/span>\n<\/h4>\n<div class=\"qode-accordion-content \" >\n    <div class=\"qode-accordion-content-inner\">\n        [vc_gallery type=&#8221;image_grid&#8221; images=&#8221;1423,1422,1427,1437,1426,1428,1445,1446,1452,1447,1448,1432,1438,1439,1465,1466,1467,1468,1469,1470,1471,1472&#8243; img_size=&#8221;500&#215;500&#8243; onclick=&#8221;&#8221; column_number=&#8221;3&#8243; grayscale=&#8221;no&#8221; images_space=&#8221;gallery_with_space&#8221;]    <\/div>\n<\/div><h4 class=\"clearfix qode-title-holder\">\n<span class=\"qode-tab-title\">\n\t    <span class=\"qode-tab-title-inner\">\n        I\u0161va\u017eiuojamosios \u0161vent\u0117s. \u201eKristianos\u201c renginys vaik\u0173 gynimo dienos proga    <\/span>\n<\/span>\n<span class=\"qode-accordion-mark\">\n    <span class=\"qode-accordion-mark-icon\">\n        <span class=\"icon_plus\"><\/span>\n        <span class=\"icon_minus-06\"><\/span>\n    <\/span>\n<\/span>\n<\/h4>\n<div class=\"qode-accordion-content \" >\n    <div class=\"qode-accordion-content-inner\">\n        [vc_gallery type=&#8221;image_grid&#8221; images=&#8221;990,989,987,1001,993,995,1000,999,998,997,996,994,991,992&#8243; img_size=&#8221;500&#215;500&#8243; column_number=&#8221;3&#8243; grayscale=&#8221;no&#8221; images_space=&#8221;gallery_with_space&#8221;]    <\/div>\n<\/div><h4 class=\"clearfix qode-title-holder\">\n<span class=\"qode-tab-title\">\n\t    <span class=\"qode-tab-title-inner\">\n        I\u0161va\u017eiuojamosios \u0161vent\u0117s. \u201eFashion bazaar\u201c mados mug\u0117    <\/span>\n<\/span>\n<span class=\"qode-accordion-mark\">\n    <span class=\"qode-accordion-mark-icon\">\n        <span class=\"icon_plus\"><\/span>\n        <span class=\"icon_minus-06\"><\/span>\n    <\/span>\n<\/span>\n<\/h4>\n<div class=\"qode-accordion-content \" >\n    <div class=\"qode-accordion-content-inner\">\n        [vc_gallery type=&#8221;image_grid&#8221; images=&#8221;1009,1010,1012,1007,1006,1008,1011,1014,1013&#8243; img_size=&#8221;500&#215;500&#8243; onclick=&#8221;&#8221; column_number=&#8221;3&#8243; grayscale=&#8221;no&#8221; images_space=&#8221;gallery_with_space&#8221;]    <\/div>\n<\/div><\/div>[\/vc_column][\/vc_row][vc_row css_animation=&#8221;&#8221; row_type=&#8221;row&#8221; use_row_as_full_screen_section=&#8221;no&#8221; type=&#8221;grid&#8221; angled_section=&#8221;no&#8221; text_align=&#8221;left&#8221; background_image_as_pattern=&#8221;without_pattern&#8221;][vc_column][vc_empty_space height=&#8221;70px&#8221;][\/vc_column][\/vc_row]<\/p>\n","protected":false},"excerpt":{"rendered":"<p>[vc_row css_animation=&#8221;&#8221; row_type=&#8221;row&#8221; use_row_as_full_screen_section=&#8221;no&#8221; type=&#8221;grid&#8221; angled_section=&#8221;no&#8221; text_align=&#8221;left&#8221; background_image_as_pattern=&#8221;without_pattern&#8221;][vc_column][vc_empty_space height=&#8221;70px&#8221;][\/vc_column][\/vc_row][vc_row css_animation=&#8221;&#8221; row_type=&#8221;row&#8221; use_row_as_full_screen_section=&#8221;no&#8221; type=&#8221;grid&#8221; angled_section=&#8221;no&#8221; text_align=&#8221;left&#8221; background_image_as_pattern=&#8221;without_pattern&#8221;][vc_column][vc_empty_space height=&#8221;70px&#8221;][\/vc_column][\/vc_row]<\/p>\n","protected":false},"author":1,"featured_media":0,"parent":0,"menu_order":0,"comment_status":"closed","ping_status":"closed","template":"full_width.php","meta":[],"_links":{"self":[{"href":"https:\/\/kikiliolizdas.lt\/Restoranas\/wp-json\/wp\/v2\/pages\/548"}],"collection":[{"href":"https:\/\/kikiliolizdas.lt\/Restoranas\/wp-json\/wp\/v2\/pages"}],"about":[{"href":"https:\/\/kikiliolizdas.lt\/Restoranas\/wp-json\/wp\/v2\/types\/page"}],"author":[{"embeddable":true,"href":"https:\/\/kikiliolizdas.lt\/Restoranas\/wp-json\/wp\/v2\/users\/1"}],"replies":[{"embeddable":true,"href":"https:\/\/kikiliolizdas.lt\/Restoranas\/wp-json\/wp\/v2\/comments?post=548"}],"version-history":[{"count":34,"href":"https:\/\/kikiliolizdas.lt\/Restoranas\/wp-json\/wp\/v2\/pages\/548\/revisions"}],"predecessor-version":[{"id":1834,"href":"https:\/\/kikiliolizdas.lt\/Restoranas\/wp-json\/wp\/v2\/pages\/548\/revisions\/1834"}],"wp:attachment":[{"href":"https:\/\/kikiliolizdas.lt\/Restoranas\/wp-json\/wp\/v2\/media?parent=548"}],"curies":[{"name":"wp","href":"https:\/\/api.w.org\/{rel}","templated":true}]}}