{"id":466,"date":"2017-08-17T13:18:29","date_gmt":"2017-08-17T13:18:29","guid":{"rendered":"http:\/\/kikiliolizdas.lt\/Restoranas\/?page_id=466"},"modified":"2026-01-14T10:29:35","modified_gmt":"2026-01-14T10:29:35","slug":"kainos","status":"publish","type":"page","link":"https:\/\/kikiliolizdas.lt\/Restoranas\/kainos\/","title":{"rendered":"Kainos"},"content":{"rendered":"<p>[vc_row css_animation=&#8221;&#8221; row_type=&#8221;row&#8221; use_row_as_full_screen_section=&#8221;no&#8221; type=&#8221;full_width&#8221; angled_section=&#8221;no&#8221; text_align=&#8221;left&#8221; background_image_as_pattern=&#8221;without_pattern&#8221;][vc_column][vc_empty_space height=&#8221;70px&#8221;][\/vc_column][\/vc_row][vc_row css_animation=&#8221;&#8221; row_type=&#8221;row&#8221; use_row_as_full_screen_section=&#8221;no&#8221; type=&#8221;grid&#8221; angled_section=&#8221;no&#8221; text_align=&#8221;left&#8221; background_image_as_pattern=&#8221;without_pattern&#8221;][vc_column][qode_elements_holder number_of_columns=&#8221;one_column&#8221;][qode_elements_holder_item advanced_animations=&#8221;no&#8221;][vc_column_text]<\/p>\n<h1>Kainos<\/h1>\n<p>&nbsp;<\/p>\n<p><!--more-->[\/vc_column_text][vc_empty_space height=&#8221;30px&#8221;][\/qode_elements_holder_item][\/qode_elements_holder][\/vc_column][\/vc_row][vc_row css_animation=&#8221;&#8221; row_type=&#8221;row&#8221; use_row_as_full_screen_section=&#8221;no&#8221; type=&#8221;full_width&#8221; angled_section=&#8221;no&#8221; text_align=&#8221;left&#8221; background_image_as_pattern=&#8221;without_pattern&#8221;][vc_column][vc_empty_space height=&#8221;70px&#8221;][\/vc_column][\/vc_row][vc_row css_animation=&#8221;&#8221; row_type=&#8221;row&#8221; use_row_as_full_screen_section=&#8221;no&#8221; type=&#8221;full_width&#8221; angled_section=&#8221;no&#8221; text_align=&#8221;left&#8221; background_image_as_pattern=&#8221;without_pattern&#8221;][vc_column][vc_column_text]<\/p>\n<table style=\"text-align: left; width: 1215px; height: 690px;\">\n<tbody>\n<tr>\n<td>Vienkartinis apsilankymas (neribotas laikas)<\/td>\n<td>7,00 \u20ac<\/td>\n<\/tr>\n<tr>\n<td>\u017daidim\u0173 abonementas 10 kart\u0173 (galioja neribotai)<\/td>\n<td>63,00 \u20ac<\/td>\n<\/tr>\n<tr>\n<td>Kavin\u0117s-\u017eaidim\u0173 kambario nuoma priva\u010diai \u0161ventei DARBO DIENOMIS 2 val.\/2,5 val.\/3 val.<\/p>\n<p>Kavin\u0117s-\u017eaidim\u0173 kambario nuoma priva\u010diai \u0161ventei I\u0160EIGIN\u0116MIS IR \u0160VEN\u010cI\u0172 DIENOMIS 2 val.\/2,5 val.\/3 val.<\/td>\n<td>150,00 \u20ac\/170,00 \u20ac\/180,00 \u20ac<\/p>\n<p>160,00 \u20ac\/180,00 \u20ac\/195,00 \u20ac<\/td>\n<\/tr>\n<tr>\n<td>Papildomas nuomos laikas 30 min. esant galimybei prat\u0119sti \u0161vent\u0119<\/td>\n<td>50,00 \u20ac<\/td>\n<\/tr>\n<tr>\n<td>Mokestis u\u017e vir\u0161yt\u0105 sutart\u0105 laik\u0105 15 min. nesant galimyb\u0117s prat\u0119sti \u0161vent\u0117s<\/td>\n<td>20,00 \u20ac<\/td>\n<\/tr>\n<tr>\n<td>Spragint\u0173 kukur\u016bz\u0173 (popcorn) aparato nuoma 30 min.<\/td>\n<td>15,00 \u20ac<\/td>\n<\/tr>\n<tr>\n<td>Foliniai skai\u010diai aukso spalvos (auk\u0161tis ~ 120 cm.) su helio dujomis<\/td>\n<td>1 vnt.\/12,00\u00a0\u20ac<\/td>\n<\/tr>\n<tr>\n<td>Oru p\u016bsti balionai<\/td>\n<td>1 vnt.\/0,50 \u20ac<\/td>\n<\/tr>\n<tr>\n<td>Helio balionai<\/td>\n<td>1 vnt.\/1,90 \u20ac<\/td>\n<\/tr>\n<\/tbody>\n<\/table>\n<p>[\/vc_column_text][\/vc_column][\/vc_row]<\/p>\n","protected":false},"excerpt":{"rendered":"<p>[vc_row css_animation=&#8221;&#8221; row_type=&#8221;row&#8221; use_row_as_full_screen_section=&#8221;no&#8221; type=&#8221;full_width&#8221; angled_section=&#8221;no&#8221; text_align=&#8221;left&#8221; background_image_as_pattern=&#8221;without_pattern&#8221;][vc_column][vc_empty_space height=&#8221;70px&#8221;][\/vc_column][\/vc_row][vc_row css_animation=&#8221;&#8221; row_type=&#8221;row&#8221; use_row_as_full_screen_section=&#8221;no&#8221; type=&#8221;grid&#8221; angled_section=&#8221;no&#8221; text_align=&#8221;left&#8221; background_image_as_pattern=&#8221;without_pattern&#8221;][vc_column][qode_elements_holder number_of_columns=&#8221;one_column&#8221;][qode_elements_holder_item advanced_animations=&#8221;no&#8221;][vc_column_text] Kainos &nbsp;<\/p>\n","protected":false},"author":1,"featured_media":0,"parent":0,"menu_order":0,"comment_status":"closed","ping_status":"closed","template":"","meta":[],"_links":{"self":[{"href":"https:\/\/kikiliolizdas.lt\/Restoranas\/wp-json\/wp\/v2\/pages\/466"}],"collection":[{"href":"https:\/\/kikiliolizdas.lt\/Restoranas\/wp-json\/wp\/v2\/pages"}],"about":[{"href":"https:\/\/kikiliolizdas.lt\/Restoranas\/wp-json\/wp\/v2\/types\/page"}],"author":[{"embeddable":true,"href":"https:\/\/kikiliolizdas.lt\/Restoranas\/wp-json\/wp\/v2\/users\/1"}],"replies":[{"embeddable":true,"href":"https:\/\/kikiliolizdas.lt\/Restoranas\/wp-json\/wp\/v2\/comments?post=466"}],"version-history":[{"count":67,"href":"https:\/\/kikiliolizdas.lt\/Restoranas\/wp-json\/wp\/v2\/pages\/466\/revisions"}],"predecessor-version":[{"id":2161,"href":"https:\/\/kikiliolizdas.lt\/Restoranas\/wp-json\/wp\/v2\/pages\/466\/revisions\/2161"}],"wp:attachment":[{"href":"https:\/\/kikiliolizdas.lt\/Restoranas\/wp-json\/wp\/v2\/media?parent=466"}],"curies":[{"name":"wp","href":"https:\/\/api.w.org\/{rel}","templated":true}]}}