{"id":450,"date":"2017-08-17T12:57:02","date_gmt":"2017-08-17T12:57:02","guid":{"rendered":"http:\/\/kikiliolizdas.lt\/Restoranas\/?page_id=450"},"modified":"2024-04-13T08:46:47","modified_gmt":"2024-04-13T08:46:47","slug":"taisykles","status":"publish","type":"page","link":"https:\/\/kikiliolizdas.lt\/Restoranas\/taisykles\/","title":{"rendered":"Taisykl\u0117s"},"content":{"rendered":"<p>[vc_row css_animation=&#8221;&#8221; row_type=&#8221;row&#8221; use_row_as_full_screen_section=&#8221;no&#8221; type=&#8221;full_width&#8221; angled_section=&#8221;no&#8221; text_align=&#8221;left&#8221; background_image_as_pattern=&#8221;without_pattern&#8221;][vc_column][vc_empty_space height=&#8221;70px&#8221;][\/vc_column][\/vc_row][vc_row css_animation=&#8221;&#8221; row_type=&#8221;row&#8221; use_row_as_full_screen_section=&#8221;no&#8221; type=&#8221;grid&#8221; angled_section=&#8221;no&#8221; text_align=&#8221;left&#8221; background_image_as_pattern=&#8221;without_pattern&#8221;][vc_column][qode_elements_holder number_of_columns=&#8221;two_columns&#8221; columns_proportion=&#8221;66_33&#8243;][qode_elements_holder_item advanced_animations=&#8221;no&#8221;][vc_column_text]<\/p>\n<h1 class=\"p1\" style=\"text-align: left;\">Taisykl\u0117s<\/h1>\n<p class=\"p1\" style=\"text-align: left;\"><span class=\"s1\">\u00a0<\/span><\/p>\n<p class=\"p1\" style=\"text-align: left;\"><span class=\"s1\"><b>Siekdami u\u017etikrinti saugi\u0105 \u0161vent\u0119, turime kelet\u0105 taisykli\u0173<\/b><\/span><\/p>\n<p class=\"p1\" style=\"text-align: left;\"><span class=\"s1\"><img loading=\"lazy\" class=\"alignnone size-full wp-image-439\" src=\"http:\/\/kikiliolizdas.lt\/Restoranas\/wp-content\/uploads\/2017\/08\/icon.png\" alt=\"\" width=\"22\" height=\"25\" \/> \u0160eimos kavin\u0117-\u017eaidim\u0173 kambarys skirtas iki 30 asmen\u0173 (turime 15 s\u0117dim\u0173 viet\u0173).<br \/>\n<img loading=\"lazy\" class=\"alignnone size-full wp-image-439\" src=\"http:\/\/kikiliolizdas.lt\/Restoranas\/wp-content\/uploads\/2017\/08\/icon.png\" alt=\"\" width=\"22\" height=\"25\" \/>\u00a0Priva\u010dios \u0161vent\u0117s metu \u0161eimos kavin\u0117-\u017eaidim\u0173 kambarys u\u017edaromas\u00a0tik J\u016bs\u0173 \u0161vent\u0117s dalyviams;<br \/>\n<img loading=\"lazy\" class=\"alignnone size-full wp-image-439\" src=\"http:\/\/kikiliolizdas.lt\/Restoranas\/wp-content\/uploads\/2017\/08\/icon.png\" alt=\"\" width=\"22\" height=\"25\" \/> Rezervavus \u0161eimos kavin\u0119-\u017eaidim\u0173 kambar\u012f priva\u010diai \u0161ventei per par\u0105 laiko b\u016btina atlikti 50,00 Eur <a href=\"http:\/\/kikiliolizdas.lt\/Restoranas\/kontaktai\/\" target=\"_blank\" rel=\"noopener noreferrer\"><span class=\"s2\">avansin\u012f mok\u0117jim\u0105<\/span><\/a>.\u00a0Avansas \u0161vent\u0117s at\u0161aukimo atveju negr\u0105\u017einamas ir \u012f kitas paslaugas nekei\u010diamas.<\/span><\/p>\n<p class=\"p1\" style=\"text-align: left;\"><span class=\"s1\">Jubiliatui (-ei) susirgus\u00a0ir apie lig\u0105 \u012fsp\u0117jus mus ne v\u0117liau kaip 24 val. iki \u0161vent\u0117s prad\u017eios, J\u016bs turite galimyb\u0119 vien\u0105 kart\u0105 nukelti \u0161vent\u0119 m\u0117nesiui laiko;<br \/>\n<img loading=\"lazy\" class=\"alignnone size-full wp-image-439\" src=\"http:\/\/kikiliolizdas.lt\/Restoranas\/wp-content\/uploads\/2017\/08\/icon.png\" alt=\"\" width=\"22\" height=\"25\" \/>\u00a0<strong>Maist\u0105 priva\u010dioms \u0161vent\u0117ms\u00a0galite u\u017esisakyti i\u0161 m\u016bs\u0173\u00a0<\/strong><\/span><strong><a href=\"https:\/\/kikiliolizdas.lt\/Restoranas\/wp-content\/uploads\/2024\/03\/Kikilio-sventinis-meniu-1.pdf\" target=\"_blank\" rel=\"noopener noreferrer\">\u0161ventinio meniu<\/a>\u00a0arba\u00a0<\/strong><strong><a href=\"https:\/\/kikiliolizdas.lt\/Restoranas\/wp-content\/uploads\/2024\/03\/meniu.pdf\" target=\"_blank\" rel=\"noopener noreferrer\">pagrindinio meniu<\/a>, taip pat vai\u0161es galite pasirinkti ir i\u0161 m\u016bs\u0173 tiek\u0117j\u0173 (informacija apie tiek\u0117jus pateikiama el.pa\u0161tu), galite atsine\u0161ti ir savo vai\u0161es;<\/strong><\/p>\n<p class=\"p1\" style=\"text-align: left;\"><span class=\"s1\"><img loading=\"lazy\" class=\"alignnone size-full wp-image-439\" src=\"http:\/\/kikiliolizdas.lt\/Restoranas\/wp-content\/uploads\/2017\/08\/icon.png\" alt=\"\" width=\"22\" height=\"25\" \/> \u012e \u017eaidim\u0173 aik\u0161tel\u0119 maist\u0105 ne\u0161tis grie\u017etai draud\u017eiama;<\/span><span class=\"s1\"><br \/>\n<img loading=\"lazy\" class=\"alignnone size-full wp-image-439\" src=\"http:\/\/kikiliolizdas.lt\/Restoranas\/wp-content\/uploads\/2017\/08\/icon.png\" alt=\"\" width=\"22\" height=\"25\" \/>\u00a0<strong>Labai pra\u0161ome laikytis J\u016bs\u0173 u\u017esakymo metu patvirtinto b\u016bvimo \u0161eimos kavin\u0117je-\u017eaidim\u0173 kambaryje laiko.\u00a0Atvykti galite 15 min. iki J\u016bs\u0173 \u0161vent\u0117s prad\u017eios.\u00a0Atsisveikinimui bei sve\u010di\u0173 i\u0161lyd\u0117jimui pra\u0161ome prad\u0117ti ruo\u0161tis likus\u00a015 min. iki J\u016bs\u0173 \u0161vent\u0117s pabaigos;<\/strong><\/span><\/p>\n<p class=\"p1\" style=\"text-align: left;\"><span class=\"s1\"><img loading=\"lazy\" class=\"alignnone size-full wp-image-439\" src=\"http:\/\/kikiliolizdas.lt\/Restoranas\/wp-content\/uploads\/2017\/08\/icon.png\" alt=\"\" width=\"22\" height=\"25\" \/> Kambario administracija turi teis\u0119 taikyti papildom\u0105 mokest\u012f u\u017e prat\u0119st\u0105 arba ankstesn\u012f atvykimo laik\u0105 (15 min.\/15 Eur, 30 min.\/20 Eur). Jei planuojate \u0161ventei naudoti daug dekoracij\u0173, \u012fvertinkite tai, kad joms paruo\u0161ti, Jums gali prireikti papildomo laiko. J\u012f b\u016btina numatyti iki \u0161vent\u0117s.<\/span><\/p>\n<p class=\"p1\" style=\"text-align: left;\"><span class=\"s1\"><img loading=\"lazy\" class=\"alignnone size-full wp-image-439\" src=\"http:\/\/kikiliolizdas.lt\/Restoranas\/wp-content\/uploads\/2017\/08\/icon.png\" alt=\"\" width=\"22\" height=\"25\" \/> Konfeti, pinjatos, muilo burbulai, &#8220;slime&#8221;gamybos \u017eaidimai, valgom\u0173j\u0173 led\u0173 gamyba, cukraus vatos gaminimo aparatai yra draud\u017eiami m\u016bs\u0173 \u017eaidimo kambaryje. Susitarus su administracija ir jai leidus taikomas papildomas 10 eur\u0173 mokestis.<br \/>\n<img loading=\"lazy\" class=\"alignnone size-full wp-image-439\" src=\"http:\/\/kikiliolizdas.lt\/Restoranas\/wp-content\/uploads\/2017\/08\/icon.png\" alt=\"\" width=\"22\" height=\"25\" \/>\u00a0\u0160vent\u0119 galite prat\u0119sti tuo atveju, jei\u00a0\u0161eimos kavin\u0117-\u017eaidim\u0173 kambarys po J\u016bs\u0173 nerezervuotas kitai \u0161ventei;<br \/>\n<img loading=\"lazy\" class=\"alignnone size-full wp-image-439\" src=\"http:\/\/kikiliolizdas.lt\/Restoranas\/wp-content\/uploads\/2017\/08\/icon.png\" alt=\"\" width=\"22\" height=\"25\" \/>\u00a0Sugadinus, sulau\u017eius, i\u0161tepus ar kitaip pa\u017eeidus \u017eaislus, \u012frang\u0105 ar patalpas privaloma kompensuoti nuostolius.\u00a0U\u017e \u0161vent\u0117s metu sugadint\u0105 inventori\u0173 ar \u012frang\u0105 finansin\u0117 atsakomyb\u0117 tenka \u0161vent\u0117s u\u017esakovui;<br \/>\n<img loading=\"lazy\" class=\"alignnone size-full wp-image-439\" src=\"http:\/\/kikiliolizdas.lt\/Restoranas\/wp-content\/uploads\/2017\/08\/icon.png\" alt=\"\" width=\"22\" height=\"25\" \/>\u00a0Vaikai ir t\u0117vai atvyk\u0119, turi nusiauti batus, b\u016bti su vidaus avalyne arba kojinyt\u0117mis;<br \/>\n<img loading=\"lazy\" class=\"alignnone size-full wp-image-439\" src=\"http:\/\/kikiliolizdas.lt\/Restoranas\/wp-content\/uploads\/2017\/08\/icon.png\" alt=\"\" width=\"22\" height=\"25\" \/> Atsiskaityti u\u017e paslaugas galima grynaisiais pinigais arba banko pavedimu \u012f \u012fmon\u0117s s\u0105skait\u0105.<br \/>\n<img loading=\"lazy\" class=\"alignnone size-full wp-image-439\" src=\"http:\/\/kikiliolizdas.lt\/Restoranas\/wp-content\/uploads\/2017\/08\/icon.png\" alt=\"\" width=\"22\" height=\"25\" \/> \u017daidim\u0173 aik\u0161tel\u0117 yra skirta tik vaikams. T\u0117veliams leid\u017eiama ant jos lipti tik esant b\u016btinybei, lydint vaiku\u010dius iki 3 met\u0173;<br \/>\n<img loading=\"lazy\" class=\"alignnone size-full wp-image-439\" src=\"http:\/\/kikiliolizdas.lt\/Restoranas\/wp-content\/uploads\/2017\/08\/icon.png\" alt=\"\" width=\"22\" height=\"25\" \/>\u00a0,,Plaukioti&#8221; kamuoliuk\u0173 baseine labai smagu, tad t\u0117veli\u0173 pra\u0161ome \u012fsp\u0117ti vaiku\u010dius, kad kamuoliukai po &#8220;maudyni\u0173&#8221; likt\u0173 baseine, o ne u\u017e jo rib\u0173;<br \/>\n<img loading=\"lazy\" class=\"alignnone size-full wp-image-439\" src=\"http:\/\/kikiliolizdas.lt\/Restoranas\/wp-content\/uploads\/2017\/08\/icon.png\" alt=\"\" width=\"22\" height=\"25\" \/>\u00a0Vaikai \u017eaid\u017eia pri\u017ei\u016brimi t\u0117v\u0173, administracija neatsako u\u017e J\u016bs\u0173 vaik\u0173 saugum\u0105.<\/span><\/p>\n<p>[\/vc_column_text][vc_empty_space height=&#8221;30px&#8221;][\/qode_elements_holder_item][qode_elements_holder_item advanced_animations=&#8221;no&#8221;][vc_single_image image=&#8221;442&#8243; img_size=&#8221;full&#8221; qode_css_animation=&#8221;&#8221;][\/qode_elements_holder_item][\/qode_elements_holder][\/vc_column][\/vc_row][vc_row css_animation=&#8221;&#8221; row_type=&#8221;row&#8221; use_row_as_full_screen_section=&#8221;no&#8221; type=&#8221;full_width&#8221; angled_section=&#8221;no&#8221; text_align=&#8221;left&#8221; background_image_as_pattern=&#8221;without_pattern&#8221;][vc_column][vc_empty_space height=&#8221;70px&#8221;][\/vc_column][\/vc_row]<\/p>\n","protected":false},"excerpt":{"rendered":"<p>[vc_row css_animation=&#8221;&#8221; row_type=&#8221;row&#8221; use_row_as_full_screen_section=&#8221;no&#8221; type=&#8221;full_width&#8221; angled_section=&#8221;no&#8221; text_align=&#8221;left&#8221; background_image_as_pattern=&#8221;without_pattern&#8221;][vc_column][vc_empty_space height=&#8221;70px&#8221;][\/vc_column][\/vc_row][vc_row css_animation=&#8221;&#8221; row_type=&#8221;row&#8221; use_row_as_full_screen_section=&#8221;no&#8221; type=&#8221;grid&#8221; angled_section=&#8221;no&#8221; text_align=&#8221;left&#8221; background_image_as_pattern=&#8221;without_pattern&#8221;][vc_column][qode_elements_holder number_of_columns=&#8221;two_columns&#8221; columns_proportion=&#8221;66_33&#8243;][qode_elements_holder_item advanced_animations=&#8221;no&#8221;][vc_column_text] Taisykl\u0117s \u00a0 Siekdami u\u017etikrinti saugi\u0105 \u0161vent\u0119, turime kelet\u0105 taisykli\u0173 \u0160eimos kavin\u0117-\u017eaidim\u0173 kambarys skirtas iki 30 asmen\u0173 (turime 15 s\u0117dim\u0173 viet\u0173). \u00a0Priva\u010dios \u0161vent\u0117s metu \u0161eimos kavin\u0117-\u017eaidim\u0173 kambarys&#8230;<\/p>\n","protected":false},"author":1,"featured_media":0,"parent":0,"menu_order":0,"comment_status":"closed","ping_status":"closed","template":"full_width.php","meta":[],"_links":{"self":[{"href":"https:\/\/kikiliolizdas.lt\/Restoranas\/wp-json\/wp\/v2\/pages\/450"}],"collection":[{"href":"https:\/\/kikiliolizdas.lt\/Restoranas\/wp-json\/wp\/v2\/pages"}],"about":[{"href":"https:\/\/kikiliolizdas.lt\/Restoranas\/wp-json\/wp\/v2\/types\/page"}],"author":[{"embeddable":true,"href":"https:\/\/kikiliolizdas.lt\/Restoranas\/wp-json\/wp\/v2\/users\/1"}],"replies":[{"embeddable":true,"href":"https:\/\/kikiliolizdas.lt\/Restoranas\/wp-json\/wp\/v2\/comments?post=450"}],"version-history":[{"count":40,"href":"https:\/\/kikiliolizdas.lt\/Restoranas\/wp-json\/wp\/v2\/pages\/450\/revisions"}],"predecessor-version":[{"id":2028,"href":"https:\/\/kikiliolizdas.lt\/Restoranas\/wp-json\/wp\/v2\/pages\/450\/revisions\/2028"}],"wp:attachment":[{"href":"https:\/\/kikiliolizdas.lt\/Restoranas\/wp-json\/wp\/v2\/media?parent=450"}],"curies":[{"name":"wp","href":"https:\/\/api.w.org\/{rel}","templated":true}]}}