{"id":358,"date":"2017-08-17T09:50:17","date_gmt":"2017-08-17T09:50:17","guid":{"rendered":"http:\/\/kikiliolizdas.lt\/Restoranas\/?page_id=358"},"modified":"2023-10-11T14:28:29","modified_gmt":"2023-10-11T14:28:29","slug":"apie-mus","status":"publish","type":"page","link":"https:\/\/kikiliolizdas.lt\/Restoranas\/apie-mus\/","title":{"rendered":"Apie mus"},"content":{"rendered":"<p>[vc_row css_animation=&#8221;&#8221; row_type=&#8221;row&#8221; use_row_as_full_screen_section=&#8221;no&#8221; type=&#8221;full_width&#8221; angled_section=&#8221;no&#8221; text_align=&#8221;left&#8221; background_image_as_pattern=&#8221;without_pattern&#8221;][vc_column][vc_empty_space height=&#8221;70px&#8221;][\/vc_column][\/vc_row][vc_row css_animation=&#8221;&#8221; row_type=&#8221;row&#8221; use_row_as_full_screen_section=&#8221;no&#8221; type=&#8221;grid&#8221; angled_section=&#8221;no&#8221; text_align=&#8221;left&#8221; background_image_as_pattern=&#8221;without_pattern&#8221;][vc_column][qode_elements_holder number_of_columns=&#8221;two_columns&#8221;][qode_elements_holder_item advanced_animations=&#8221;no&#8221;][vc_column_text]<\/p>\n<h1 class=\"p1\" style=\"text-align: left;\">Apie mus<\/h1>\n<p>&nbsp;<\/p>\n<p>Jau daugiau nei 6 metus \u0161ven\u010di\u0173 organizavimas yra M\u016bs\u0173 kasdienyb\u0117.<\/p>\n<p>&nbsp;<\/p>\n<p>Did\u017eiuojam\u0117s \u012fk\u016br\u0119 \u0161eimos kavin\u0119 &#8211; \u017eaidim\u0173 kambar\u012f, kuriame kone kasdien vyksta vaik\u0173 gimtadieniai, krik\u0161tynos, \u0161eimos \u0161vent\u0117s, draug\u0173 susitikimai.<\/p>\n<p>\u010cia J\u016bs\u0173 laukia didel\u0117 \u017eaidim\u0173 erdv\u0117 vaikams, stalo futbolas t\u0117veliams, platus meniu su gard\u017eiais patiekalais, desertais bei \u012fvairiais g\u0117rimais.<\/p>\n<p>&nbsp;<\/p>\n<p>Pasirinkite &#8220;Kikilio lizdo&#8221; komand\u0105 ir pamir\u0161kite apie \u0161vent\u0117s r\u016bpes\u010dius.<br \/>\nMes pasir\u016bpinsime, kad \u0161vie\u017eias ir kokybi\u0161kas maistas bei stilingas stalo dekoras nustebint\u0173 J\u016bs\u0173 sve\u010dius, o \u0161vent\u0117s prisiminimai i\u0161likt\u0173 ilgam.<\/p>\n<p>&nbsp;<\/p>\n<p><span style=\"color: #ff0000;\">D\u0117l apsilankymo si\u016blome susisiekti su mumis, kadangi priva\u010di\u0173 \u0161ven\u010di\u0173 metu klientai nepriimami. (Susisiekti galite telefonu, el.pa\u0161tu arba pasitikrinti m\u016bs\u0173 tos dienos darbo laik\u0105 Facebook paskyroje).<\/span>[\/vc_column_text][vc_empty_space height=&#8221;30px&#8221;][\/qode_elements_holder_item][qode_elements_holder_item item_padding=&#8221;20px 40px 0px 0px&#8221; advanced_animations=&#8221;no&#8221;][vc_single_image image=&#8221;342&#8243; img_size=&#8221;large&#8221; qode_css_animation=&#8221;&#8221;][\/qode_elements_holder_item][\/qode_elements_holder][\/vc_column][\/vc_row][vc_row css_animation=&#8221;&#8221; row_type=&#8221;row&#8221; use_row_as_full_screen_section=&#8221;no&#8221; type=&#8221;full_width&#8221; angled_section=&#8221;no&#8221; text_align=&#8221;left&#8221; background_image_as_pattern=&#8221;without_pattern&#8221;][vc_column][vc_empty_space height=&#8221;70px&#8221;][\/vc_column][\/vc_row]<\/p>\n","protected":false},"excerpt":{"rendered":"<p>[vc_row css_animation=&#8221;&#8221; row_type=&#8221;row&#8221; use_row_as_full_screen_section=&#8221;no&#8221; type=&#8221;full_width&#8221; angled_section=&#8221;no&#8221; text_align=&#8221;left&#8221; background_image_as_pattern=&#8221;without_pattern&#8221;][vc_column][vc_empty_space height=&#8221;70px&#8221;][\/vc_column][\/vc_row][vc_row css_animation=&#8221;&#8221; row_type=&#8221;row&#8221; use_row_as_full_screen_section=&#8221;no&#8221; type=&#8221;grid&#8221; angled_section=&#8221;no&#8221; text_align=&#8221;left&#8221; background_image_as_pattern=&#8221;without_pattern&#8221;][vc_column][qode_elements_holder number_of_columns=&#8221;two_columns&#8221;][qode_elements_holder_item advanced_animations=&#8221;no&#8221;][vc_column_text] Apie mus &nbsp; Jau daugiau nei 6 metus \u0161ven\u010di\u0173 organizavimas yra M\u016bs\u0173 kasdienyb\u0117. &nbsp; Did\u017eiuojam\u0117s \u012fk\u016br\u0119 \u0161eimos kavin\u0119 &#8211; \u017eaidim\u0173 kambar\u012f, kuriame kone kasdien vyksta vaik\u0173 gimtadieniai,&#8230;<\/p>\n","protected":false},"author":1,"featured_media":0,"parent":0,"menu_order":0,"comment_status":"closed","ping_status":"closed","template":"full_width.php","meta":[],"_links":{"self":[{"href":"https:\/\/kikiliolizdas.lt\/Restoranas\/wp-json\/wp\/v2\/pages\/358"}],"collection":[{"href":"https:\/\/kikiliolizdas.lt\/Restoranas\/wp-json\/wp\/v2\/pages"}],"about":[{"href":"https:\/\/kikiliolizdas.lt\/Restoranas\/wp-json\/wp\/v2\/types\/page"}],"author":[{"embeddable":true,"href":"https:\/\/kikiliolizdas.lt\/Restoranas\/wp-json\/wp\/v2\/users\/1"}],"replies":[{"embeddable":true,"href":"https:\/\/kikiliolizdas.lt\/Restoranas\/wp-json\/wp\/v2\/comments?post=358"}],"version-history":[{"count":13,"href":"https:\/\/kikiliolizdas.lt\/Restoranas\/wp-json\/wp\/v2\/pages\/358\/revisions"}],"predecessor-version":[{"id":1985,"href":"https:\/\/kikiliolizdas.lt\/Restoranas\/wp-json\/wp\/v2\/pages\/358\/revisions\/1985"}],"wp:attachment":[{"href":"https:\/\/kikiliolizdas.lt\/Restoranas\/wp-json\/wp\/v2\/media?parent=358"}],"curies":[{"name":"wp","href":"https:\/\/api.w.org\/{rel}","templated":true}]}}